{"id":19,"date":"2018-02-08T15:23:19","date_gmt":"2018-02-08T15:23:19","guid":{"rendered":"http:\/\/haenz.ch.aurelius.ch-meta.net\/?page_id=19"},"modified":"2025-01-27T07:29:11","modified_gmt":"2025-01-27T07:29:11","slug":"firmenportrait","status":"publish","type":"page","link":"https:\/\/haenz.ch\/","title":{"rendered":"Firmenportrait"},"content":{"rendered":"<h2>MARTIN H\u00c4NZ<br \/>\nGESCH\u00c4FTSF\u00dcHRER \/ INHABER<\/h2>\n<p><img loading=\"lazy\" decoding=\"async\" class=\"alignnone size-medium wp-image-21\" src=\"https:\/\/haenz.ch\/wp-content\/uploads\/2018\/02\/7b43aa_b8db14054d904c8c96c0dca5cb73faf8-300x200.jpg\" alt=\"\" width=\"300\" height=\"200\" srcset=\"https:\/\/haenz.ch\/wp-content\/uploads\/2018\/02\/7b43aa_b8db14054d904c8c96c0dca5cb73faf8-300x200.jpg 300w, https:\/\/haenz.ch\/wp-content\/uploads\/2018\/02\/7b43aa_b8db14054d904c8c96c0dca5cb73faf8.jpg 469w\" sizes=\"auto, (max-width: 300px) 100vw, 300px\" \/><\/p>\n<p>Innovation, Fairness, Zuverl\u00e4ssigkeit, Flexibilit\u00e4t, transparentes Handeln sowie offene und freundliche Kommunikation sind unser Credo.<\/p>\n<p>Als etablierte und erfahrene Ingenieure\u00a0bieten wir integrale Dienstleistungen in der gesamten Deutschschweiz an.<\/p>\n<p><img loading=\"lazy\" decoding=\"async\" class=\"alignnone size-medium wp-image-20\" src=\"https:\/\/haenz.ch\/wp-content\/uploads\/2018\/02\/7b43aa_797219cc09994078ac9f1368c626b386-300x113.png\" alt=\"\" width=\"300\" height=\"113\" srcset=\"https:\/\/haenz.ch\/wp-content\/uploads\/2018\/02\/7b43aa_797219cc09994078ac9f1368c626b386-300x113.png 300w, https:\/\/haenz.ch\/wp-content\/uploads\/2018\/02\/7b43aa_797219cc09994078ac9f1368c626b386.png 306w\" sizes=\"auto, (max-width: 300px) 100vw, 300px\" \/><\/p>\n<p>Insbesondere empfehlen wir uns f\u00fcr:<\/p>\n<p>FACHGEBIET<\/p>\n<ul>\n<li>Heizung<\/li>\n<li>K\u00e4lte<\/li>\n<li>L\u00fcftung<\/li>\n<li>Klima<\/li>\n<li>Planung 3D<\/li>\n<\/ul>\n<ul>\n<li>Sanit\u00e4r<\/li>\n<li>Solar<\/li>\n<li>Sprinklerplanung<\/li>\n<li>MSRL \/ Geb\u00e4udeautomation<\/li>\n<li>R\u00e4umliche Koordination<\/li>\n<\/ul>\n<p>LEISTUNGEN<\/p>\n<p>Projektierung<\/p>\n<p>Ausschreibungen<\/p>\n<p>Realisierung<\/p>\n<ul>\n<li>Vorprojekt<\/li>\n<li>Bauprojekt<\/li>\n<li>Bewilligungs-<br \/>\nverfahren<\/li>\n<\/ul>\n<ul>\n<li>Ausschreibungs-<br \/>\nunterlagen<\/li>\n<li>Offertvergleiche<\/li>\n<li>Vergabeantrag<\/li>\n<\/ul>\n<ul>\n<li>Ausf\u00fchrungsplanung<\/li>\n<li>Ausf\u00fchrung<\/li>\n<li>Inbetriebnahme\/Abschluss<\/li>\n<li>Betriebsoptimierung<\/li>\n<\/ul>\n","protected":false},"excerpt":{"rendered":"<p>MARTIN H\u00c4NZ GESCH\u00c4FTSF\u00dcHRER \/ INHABER Innovation, Fairness, Zuverl\u00e4ssigkeit, Flexibilit\u00e4t, transparentes Handeln sowie offene und freundliche Kommunikation sind unser Credo. Als etablierte und erfahrene Ingenieure\u00a0bieten wir integrale Dienstleistungen in der gesamten Deutschschweiz an. Insbesondere empfehlen wir uns f\u00fcr: FACHGEBIET Heizung K\u00e4lte L\u00fcftung Klima Planung 3D Sanit\u00e4r Solar Sprinklerplanung MSRL \/ Geb\u00e4udeautomation R\u00e4umliche Koordination LEISTUNGEN Projektierung Ausschreibungen &hellip; <\/p>\n<p class=\"link-more\"><a href=\"https:\/\/haenz.ch\/\" class=\"more-link\"><span class=\"screen-reader-text\">\u201eFirmenportrait\u201c <\/span>weiterlesen<\/a><\/p>\n","protected":false},"author":1,"featured_media":0,"parent":0,"menu_order":0,"comment_status":"closed","ping_status":"closed","template":"","meta":{"footnotes":""},"class_list":["post-19","page","type-page","status-publish","hentry"],"_links":{"self":[{"href":"https:\/\/haenz.ch\/index.php?rest_route=\/wp\/v2\/pages\/19","targetHints":{"allow":["GET"]}}],"collection":[{"href":"https:\/\/haenz.ch\/index.php?rest_route=\/wp\/v2\/pages"}],"about":[{"href":"https:\/\/haenz.ch\/index.php?rest_route=\/wp\/v2\/types\/page"}],"author":[{"embeddable":true,"href":"https:\/\/haenz.ch\/index.php?rest_route=\/wp\/v2\/users\/1"}],"replies":[{"embeddable":true,"href":"https:\/\/haenz.ch\/index.php?rest_route=%2Fwp%2Fv2%2Fcomments&post=19"}],"version-history":[{"count":10,"href":"https:\/\/haenz.ch\/index.php?rest_route=\/wp\/v2\/pages\/19\/revisions"}],"predecessor-version":[{"id":11407,"href":"https:\/\/haenz.ch\/index.php?rest_route=\/wp\/v2\/pages\/19\/revisions\/11407"}],"wp:attachment":[{"href":"https:\/\/haenz.ch\/index.php?rest_route=%2Fwp%2Fv2%2Fmedia&parent=19"}],"curies":[{"name":"wp","href":"https:\/\/api.w.org\/{rel}","templated":true}]}}