{"id":192,"date":"2018-03-19T16:52:44","date_gmt":"2018-03-19T16:52:44","guid":{"rendered":"http:\/\/haenz.ch.aurelius.ch-meta.net\/?page_id=192"},"modified":"2025-01-27T07:28:31","modified_gmt":"2025-01-27T07:28:31","slug":"dienstleistungen","status":"publish","type":"page","link":"https:\/\/haenz.ch\/?page_id=192","title":{"rendered":"Dienstleistungen"},"content":{"rendered":"<p>Planung CAD \/ BIM<\/p>\n<p><img loading=\"lazy\" decoding=\"async\" class=\"alignnone size-medium wp-image-219\" src=\"https:\/\/haenz.ch\/wp-content\/uploads\/2018\/03\/CAD-BIM-300x164.jpg\" alt=\"\" width=\"300\" height=\"164\" srcset=\"https:\/\/haenz.ch\/wp-content\/uploads\/2018\/03\/CAD-BIM-300x164.jpg 300w, https:\/\/haenz.ch\/wp-content\/uploads\/2018\/03\/CAD-BIM-768x420.jpg 768w, https:\/\/haenz.ch\/wp-content\/uploads\/2018\/03\/CAD-BIM-1024x560.jpg 1024w\" sizes=\"auto, (max-width: 300px) 100vw, 300px\" \/><\/p>\n<p><b>Planung<\/b><\/p>\n<p>3D BIM Planung von:<br \/>\nHeizung-\/K\u00e4lteanlagen<br \/>\nL\u00fcftung-\/Klimaanlagen<br \/>\nSprinkleranlagen<br \/>\nSanit\u00e4ranlagen<br \/>\nMit Bentley Microstation\/Tricad, Autodesk Revit<\/p>\n<p>Heiz- \/ K\u00fchllastberechnungen und Simulationen<\/p>\n<p><img loading=\"lazy\" decoding=\"async\" class=\"alignnone size-medium wp-image-220\" src=\"https:\/\/haenz.ch\/wp-content\/uploads\/2018\/03\/mh-Software-300x164.jpg\" alt=\"\" width=\"300\" height=\"164\" srcset=\"https:\/\/haenz.ch\/wp-content\/uploads\/2018\/03\/mh-Software-300x164.jpg 300w, https:\/\/haenz.ch\/wp-content\/uploads\/2018\/03\/mh-Software-768x420.jpg 768w, https:\/\/haenz.ch\/wp-content\/uploads\/2018\/03\/mh-Software-1024x560.jpg 1024w\" sizes=\"auto, (max-width: 300px) 100vw, 300px\" \/><\/p>\n<p><b>Berechnungen<\/b><\/p>\n<p>Berechnen und simulieren von Heiz.- und K\u00fchllasten von Geb\u00e4ude und Simulation der zu erwartenden Raumtemperatur<br \/>\nMit mh-Software<\/p>\n<p>Bewilligungsverfahren \/ Energienachweis<\/p>\n<p><img loading=\"lazy\" decoding=\"async\" class=\"alignnone size-medium wp-image-227\" src=\"https:\/\/haenz.ch\/wp-content\/uploads\/2018\/03\/Geb\u00e4udeanalyse-300x164.jpg\" alt=\"\" width=\"300\" height=\"164\" srcset=\"https:\/\/haenz.ch\/wp-content\/uploads\/2018\/03\/Geb\u00e4udeanalyse-300x164.jpg 300w, https:\/\/haenz.ch\/wp-content\/uploads\/2018\/03\/Geb\u00e4udeanalyse-768x421.jpg 768w, https:\/\/haenz.ch\/wp-content\/uploads\/2018\/03\/Geb\u00e4udeanalyse-1024x561.jpg 1024w\" sizes=\"auto, (max-width: 300px) 100vw, 300px\" \/><\/p>\n<p><b>Bewilligung<\/b><\/p>\n<p>Erstellen von Energienachweise Thermische Energie im Hochbau SIA 380\/1, erarbeiten von Minergieantr\u00e4ge sowie einreichen von Energienachweise EN<br \/>\nMit der Software Lesoai<\/p>\n<p>Geb\u00e4udezustandsanalyse<\/p>\n<p><img loading=\"lazy\" decoding=\"async\" class=\"alignnone size-medium wp-image-223\" src=\"https:\/\/haenz.ch\/wp-content\/uploads\/2018\/03\/Lesosai-300x164.jpg\" alt=\"\" width=\"300\" height=\"164\" srcset=\"https:\/\/haenz.ch\/wp-content\/uploads\/2018\/03\/Lesosai-300x164.jpg 300w, https:\/\/haenz.ch\/wp-content\/uploads\/2018\/03\/Lesosai-768x420.jpg 768w, https:\/\/haenz.ch\/wp-content\/uploads\/2018\/03\/Lesosai-1024x560.jpg 1024w\" sizes=\"auto, (max-width: 300px) 100vw, 300px\" \/><\/p>\n<p><b>Analyse<\/b><\/p>\n<p>Beurteilen des Zustandes von Geb\u00e4ude und deren technischen Ausr\u00fcstung. Erstellen von Geb\u00e4udezustandsanalysen und erarbeiten von Sanierungsvorschl\u00e4ge.<\/p>\n<p>U-Wertmessungen<\/p>\n<p><img loading=\"lazy\" decoding=\"async\" class=\"alignnone size-medium wp-image-237\" src=\"https:\/\/haenz.ch\/wp-content\/uploads\/2018\/03\/U-Wert-300x225.jpg\" alt=\"\" width=\"300\" height=\"225\" srcset=\"https:\/\/haenz.ch\/wp-content\/uploads\/2018\/03\/U-Wert-300x225.jpg 300w, https:\/\/haenz.ch\/wp-content\/uploads\/2018\/03\/U-Wert-768x576.jpg 768w, https:\/\/haenz.ch\/wp-content\/uploads\/2018\/03\/U-Wert-1024x768.jpg 1024w, https:\/\/haenz.ch\/wp-content\/uploads\/2018\/03\/U-Wert.jpg 1280w\" sizes=\"auto, (max-width: 300px) 100vw, 300px\" \/><\/p>\n<p><b>U-Wert<\/b><\/p>\n<p>Ermitteln des U-Wert von diversen Bauteile anhand von Messungen<\/p>\n<p>Thermographieaufnahmen<\/p>\n<p><img loading=\"lazy\" decoding=\"async\" class=\"alignnone size-medium wp-image-236\" src=\"https:\/\/haenz.ch\/wp-content\/uploads\/2018\/03\/Thermographie-300x225.jpg\" alt=\"\" width=\"300\" height=\"225\" srcset=\"https:\/\/haenz.ch\/wp-content\/uploads\/2018\/03\/Thermographie-300x225.jpg 300w, https:\/\/haenz.ch\/wp-content\/uploads\/2018\/03\/Thermographie-768x576.jpg 768w, https:\/\/haenz.ch\/wp-content\/uploads\/2018\/03\/Thermographie-1024x768.jpg 1024w, https:\/\/haenz.ch\/wp-content\/uploads\/2018\/03\/Thermographie.jpg 1280w\" sizes=\"auto, (max-width: 300px) 100vw, 300px\" \/><\/p>\n<p><b>Thermographie<\/b><\/p>\n<p>Beurteilen von Geb\u00e4udeh\u00fcllen, sowie die Kontrolle der Funktion von Bodenheizung, K\u00fchldecken, Heizk\u00f6rper, Suche von Leckagen in Bodenheizung oder Leitungen die Unterputz verlegt sindl.<\/p>\n<p>Turbulenzgradmessungen<\/p>\n<p><img loading=\"lazy\" decoding=\"async\" class=\"alignnone size-medium wp-image-235\" src=\"https:\/\/haenz.ch\/wp-content\/uploads\/2018\/03\/Luftqualit\u00e4t-300x225.jpg\" alt=\"\" width=\"300\" height=\"225\" srcset=\"https:\/\/haenz.ch\/wp-content\/uploads\/2018\/03\/Luftqualit\u00e4t-300x225.jpg 300w, https:\/\/haenz.ch\/wp-content\/uploads\/2018\/03\/Luftqualit\u00e4t-768x576.jpg 768w, https:\/\/haenz.ch\/wp-content\/uploads\/2018\/03\/Luftqualit\u00e4t-1024x768.jpg 1024w, https:\/\/haenz.ch\/wp-content\/uploads\/2018\/03\/Luftqualit\u00e4t.jpg 1280w\" sizes=\"auto, (max-width: 300px) 100vw, 300px\" \/><\/p>\n<p><b>Komfortmessungen<\/b><\/p>\n<p>Messungen \u00fcber Luftqualitat (Themperatur, Feuchte und Co2), sowie Kofortmessungen \u00fcber die Luftgeschwindigkeit im Raum<\/p>\n<p>Luftmengenmessungen<\/p>\n<p><img loading=\"lazy\" decoding=\"async\" class=\"alignnone size-medium wp-image-234\" src=\"https:\/\/haenz.ch\/wp-content\/uploads\/2018\/03\/Luftmengen-300x225.jpg\" alt=\"\" width=\"300\" height=\"225\" srcset=\"https:\/\/haenz.ch\/wp-content\/uploads\/2018\/03\/Luftmengen-300x225.jpg 300w, https:\/\/haenz.ch\/wp-content\/uploads\/2018\/03\/Luftmengen-768x576.jpg 768w, https:\/\/haenz.ch\/wp-content\/uploads\/2018\/03\/Luftmengen-1024x768.jpg 1024w, https:\/\/haenz.ch\/wp-content\/uploads\/2018\/03\/Luftmengen.jpg 1280w\" sizes=\"auto, (max-width: 300px) 100vw, 300px\" \/><\/p>\n<p><b>Messungen<\/b><\/p>\n<p>Messen der Luftmengen und Temperaturen in Kan\u00e4len und Luftdurchl\u00e4sse, sowie erstellen der Messprotokolle und vergleich von Soll.- und ist Luftmengen<\/p>\n<p>Heizwasseranalyse<\/p>\n<p><img loading=\"lazy\" decoding=\"async\" class=\"alignnone size-medium wp-image-240\" src=\"https:\/\/haenz.ch\/wp-content\/uploads\/2018\/03\/Wasserqualit\u00e4t-300x225.jpg\" alt=\"\" width=\"300\" height=\"225\" srcset=\"https:\/\/haenz.ch\/wp-content\/uploads\/2018\/03\/Wasserqualit\u00e4t-300x225.jpg 300w, https:\/\/haenz.ch\/wp-content\/uploads\/2018\/03\/Wasserqualit\u00e4t-768x576.jpg 768w, https:\/\/haenz.ch\/wp-content\/uploads\/2018\/03\/Wasserqualit\u00e4t-1024x768.jpg 1024w, https:\/\/haenz.ch\/wp-content\/uploads\/2018\/03\/Wasserqualit\u00e4t.jpg 1280w\" sizes=\"auto, (max-width: 300px) 100vw, 300px\" \/><\/p>\n<p><b>Analyse<\/b><\/p>\n<p>Schnellanalyse von Kesselwasser und \u00fcberpr\u00fcften der Wasserqualit\u00e4t gem\u00e4ss<br \/>\nSWKI BT-102-01<\/p>\n<p>Wassermengenmessungen<\/p>\n<p><img loading=\"lazy\" decoding=\"async\" class=\"alignnone size-medium wp-image-239\" src=\"https:\/\/haenz.ch\/wp-content\/uploads\/2018\/03\/Wassermengen-300x225.jpg\" alt=\"\" width=\"300\" height=\"225\" srcset=\"https:\/\/haenz.ch\/wp-content\/uploads\/2018\/03\/Wassermengen-300x225.jpg 300w, https:\/\/haenz.ch\/wp-content\/uploads\/2018\/03\/Wassermengen-768x576.jpg 768w, https:\/\/haenz.ch\/wp-content\/uploads\/2018\/03\/Wassermengen-1024x768.jpg 1024w, https:\/\/haenz.ch\/wp-content\/uploads\/2018\/03\/Wassermengen.jpg 1280w\" sizes=\"auto, (max-width: 300px) 100vw, 300px\" \/><\/p>\n<p><b>Messungen<\/b><\/p>\n<p>Messen der Wassermegen und Temperaturen, sowie erstellen der Messprotokolle und vergleich von Soll.- und ist Wassermengen<\/p>\n<p>Datenloggen<\/p>\n<p><img loading=\"lazy\" decoding=\"async\" class=\"alignnone size-medium wp-image-233\" src=\"https:\/\/haenz.ch\/wp-content\/uploads\/2018\/03\/Datenloggen-300x225.jpg\" alt=\"\" width=\"300\" height=\"225\" srcset=\"https:\/\/haenz.ch\/wp-content\/uploads\/2018\/03\/Datenloggen-300x225.jpg 300w, https:\/\/haenz.ch\/wp-content\/uploads\/2018\/03\/Datenloggen-768x576.jpg 768w, https:\/\/haenz.ch\/wp-content\/uploads\/2018\/03\/Datenloggen-1024x768.jpg 1024w, https:\/\/haenz.ch\/wp-content\/uploads\/2018\/03\/Datenloggen.jpg 1280w\" sizes=\"auto, (max-width: 300px) 100vw, 300px\" \/><\/p>\n<p><b>Datenloggen<\/b><\/p>\n<p>Aufzeichnen von diversen Datenpunkte wie:<br \/>\nLufttemperatur, Luftfeuchtigkeit, Co2,<br \/>\nWassertemperaturen mit Tauchf\u00fchler und Anlegef\u00fchler, Wasserdruck sowie Kondensationsf\u00fchler<\/p>\n<p>Volumenstromregler<\/p>\n<p><img loading=\"lazy\" decoding=\"async\" class=\"alignnone size-medium wp-image-238\" src=\"https:\/\/haenz.ch\/wp-content\/uploads\/2018\/03\/VAV-300x225.jpg\" alt=\"\" width=\"300\" height=\"225\" srcset=\"https:\/\/haenz.ch\/wp-content\/uploads\/2018\/03\/VAV-300x225.jpg 300w, https:\/\/haenz.ch\/wp-content\/uploads\/2018\/03\/VAV-768x576.jpg 768w, https:\/\/haenz.ch\/wp-content\/uploads\/2018\/03\/VAV-1024x768.jpg 1024w, https:\/\/haenz.ch\/wp-content\/uploads\/2018\/03\/VAV.jpg 1280w\" sizes=\"auto, (max-width: 300px) 100vw, 300px\" \/><\/p>\n<p><b>Einstellung<\/b><\/p>\n<p>Nachkontrolle und einstellen von Volumenstromregler<\/p>\n","protected":false},"excerpt":{"rendered":"<p>Planung CAD \/ BIM Planung 3D BIM Planung von: Heizung-\/K\u00e4lteanlagen L\u00fcftung-\/Klimaanlagen Sprinkleranlagen Sanit\u00e4ranlagen Mit Bentley Microstation\/Tricad, Autodesk Revit Heiz- \/ K\u00fchllastberechnungen und Simulationen Berechnungen Berechnen und simulieren von Heiz.- und K\u00fchllasten von Geb\u00e4ude und Simulation der zu erwartenden Raumtemperatur Mit mh-Software Bewilligungsverfahren \/ Energienachweis Bewilligung Erstellen von Energienachweise Thermische Energie im Hochbau SIA 380\/1, erarbeiten &hellip; <\/p>\n<p class=\"link-more\"><a href=\"https:\/\/haenz.ch\/?page_id=192\" class=\"more-link\"><span class=\"screen-reader-text\">\u201eDienstleistungen\u201c <\/span>weiterlesen<\/a><\/p>\n","protected":false},"author":3,"featured_media":0,"parent":0,"menu_order":0,"comment_status":"closed","ping_status":"closed","template":"","meta":{"footnotes":""},"class_list":["post-192","page","type-page","status-publish","hentry"],"_links":{"self":[{"href":"https:\/\/haenz.ch\/index.php?rest_route=\/wp\/v2\/pages\/192","targetHints":{"allow":["GET"]}}],"collection":[{"href":"https:\/\/haenz.ch\/index.php?rest_route=\/wp\/v2\/pages"}],"about":[{"href":"https:\/\/haenz.ch\/index.php?rest_route=\/wp\/v2\/types\/page"}],"author":[{"embeddable":true,"href":"https:\/\/haenz.ch\/index.php?rest_route=\/wp\/v2\/users\/3"}],"replies":[{"embeddable":true,"href":"https:\/\/haenz.ch\/index.php?rest_route=%2Fwp%2Fv2%2Fcomments&post=192"}],"version-history":[{"count":14,"href":"https:\/\/haenz.ch\/index.php?rest_route=\/wp\/v2\/pages\/192\/revisions"}],"predecessor-version":[{"id":11406,"href":"https:\/\/haenz.ch\/index.php?rest_route=\/wp\/v2\/pages\/192\/revisions\/11406"}],"wp:attachment":[{"href":"https:\/\/haenz.ch\/index.php?rest_route=%2Fwp%2Fv2%2Fmedia&parent=192"}],"curies":[{"name":"wp","href":"https:\/\/api.w.org\/{rel}","templated":true}]}}